{"id":7277,"date":"2023-10-23T13:21:29","date_gmt":"2023-10-23T11:21:29","guid":{"rendered":"https:\/\/www.elspagesos.com\/tickets\/"},"modified":"2023-11-15T12:40:58","modified_gmt":"2023-11-15T11:40:58","slug":"tickets","status":"publish","type":"page","link":"https:\/\/www.elspagesos.com\/es\/tickets\/","title":{"rendered":"Tickets"},"content":{"rendered":"\t\t<div data-elementor-type=\"wp-page\" data-elementor-id=\"7277\" class=\"elementor elementor-7277 elementor-7160\" data-elementor-post-type=\"page\">\n\t\t\t\t\t\t<section class=\"elementor-section elementor-top-section elementor-element elementor-element-21a61e2 elementor-section-boxed elementor-section-height-default elementor-section-height-default\" data-id=\"21a61e2\" data-element_type=\"section\" data-e-type=\"section\">\r\n\t\t\r\n\t\t\t\t\t\t\t<div class=\"elementor-container elementor-column-gap-default\">\r\n\t\t\t\t\t\t\t\t\t\t\t<div class=\"elementor-column elementor-col-100 elementor-top-column elementor-element elementor-element-3cb1ddc m-t-xs mb-3\" data-id=\"3cb1ddc\" data-element_type=\"column\" data-e-type=\"column\">\r\n\t\t\t\t\t<div class=\"elementor-widget-wrap elementor-element-populated\">\r\n\t\t\t\t\t\t\t\t<div class=\"elementor-element elementor-element-15d9699 elementor-widget elementor-widget-text-editor\" data-id=\"15d9699\" data-element_type=\"widget\" data-e-type=\"widget\" data-widget_type=\"text-editor.default\">\n\t\t\t\t<div class=\"elementor-widget-container\">\n\t\t\t\t\t\t\t\t\t<p class=\"mb-0\">Compra los tickets de forma anticipada<\/p>\t\t\t\t\t\t\t\t<\/div>\n\t\t\t\t<\/div>\n\t\t\t\t<div class=\"elementor-element elementor-element-903db20 elementor-widget elementor-widget-porto_events\" data-id=\"903db20\" data-element_type=\"widget\" data-e-type=\"widget\" data-widget_type=\"porto_events.default\">\n\t\t\t\t<div class=\"elementor-widget-container\">\n\t\t\t\t\t\r\n\r\n<article class=\"custom-post-event post-event-list custom-sm-margin-bottom-2\">\r\n\t\t\t<div class=\"post-event-date background-color-primary center\">\r\n\t\t\t<span class=\"month text-uppercase custom-secondary-font text-color-light\">May<\/span>\r\n\t\t\t<span class=\"day font-weight-bold text-color-light\">23<\/span>\r\n\t\t\t<span class=\"year text-color-light\">2026<\/span>\r\n\t\t<\/div>\r\n\t\t<div class=\"post-event-content custom-margin-1\">\r\n\t\t\t\t\t<p class=\"event-date d-none mb-0\">EL NI\u00d1O LORD.CAH <\/p>\r\n\t\t\t\t<div class=\"custom-event-infos\">\r\n\t\t\t<ul>\r\n\t\t\t\t\t\t\t\t\t<li> <i class=\"far fa-clock\"><\/i> 2026\/05\/23 - De 19,00h a 20,30h <\/li>\r\n\t\t\t\t\t\t\t\t\t\t\t<\/ul>\r\n\t\t<\/div>\r\n\t\t<h4 class=\"font-weight-bold text-color-dark event-date d-none\"> <span><time datetime=\"1970-01-01 00:00\">23 de mayo de 2026<\/time><\/span> <\/h4>\r\n\t\t<p class=\"post-excerpt\">\t\t\t\t\t\t\t\t\t\t\t\t\t\t\t\n\t\tEl Ni\u00f1o Lord.Cah no \u00e9s nom\u00e9s m\u00fasica: \u00e9s una experi\u00e8ncia. El seu projecte trenca les fronteres entre l\u2019urb\u00e0 i el...<\/p>\t\t\t\t\t\t\t\t\t\t\t\t<!-- <a href=\"https:\/\/ticketing.cat\/els-pagesos\/el-nino-lordcah\" class=\"btn btn-primary btn-preview\" target=\"_blank\" rel=\"noopener noreferrer\">Compra tu ticket<\/a> -->\r\n\r\n\t\t\t\t<div><a class=\"read-more\" href=\"https:\/\/ticketing.cat\/els-pagesos\/el-nino-lordcah\" target=\"_blank\">Compra tu Ticket<\/a><\/div>\r\n\t\t\t\t\t\t<\/div>\r\n\t<hr class=\"solid\">\r\n<\/article>\r\n\t\t\t\t<\/div>\n\t\t\t\t<\/div>\n\t\t\t\t<section class=\"elementor-section elementor-inner-section elementor-element elementor-element-38522a1 elementor-section-content-middle elementor-section-boxed elementor-section-height-default elementor-section-height-default\" data-id=\"38522a1\" data-element_type=\"section\" data-e-type=\"section\">\r\n\t\t\r\n\t\t\t\t\t\t\t<div class=\"elementor-container elementor-column-gap-default\">\r\n\t\t\t\t\t\t\t\t\t\t\t<div class=\"elementor-column elementor-col-25 elementor-inner-column elementor-element elementor-element-0265dee\" data-id=\"0265dee\" data-element_type=\"column\" data-e-type=\"column\">\r\n\t\t\t\t\t<div class=\"elementor-widget-wrap elementor-element-populated\">\r\n\t\t\t\t\t\t\t\t<div class=\"elementor-element elementor-element-dbeea7c elementor-widget elementor-widget-heading\" data-id=\"dbeea7c\" data-element_type=\"widget\" data-e-type=\"widget\" data-widget_type=\"heading.default\">\n\t\t\t\t<div class=\"elementor-widget-container\">\n\t\t\t\t\t<h4 class=\"elementor-heading-title elementor-size-default\">SUSCR\u00cdBETE PARA BAILAR<\/h4>\t\t\t\t<\/div>\n\t\t\t\t<\/div>\n\t\t\t\t\t<\/div>\r\n\t\t\t\t<\/div>\r\n\t\t\t\t<div class=\"elementor-column elementor-col-50 elementor-inner-column elementor-element elementor-element-b0f19ad\" data-id=\"b0f19ad\" data-element_type=\"column\" data-e-type=\"column\">\r\n\t\t\t\t\t<div class=\"elementor-widget-wrap elementor-element-populated\">\r\n\t\t\t\t\t\t\t\t<div class=\"elementor-element elementor-element-506d967 elementor-widget elementor-widget-text-editor\" data-id=\"506d967\" data-element_type=\"widget\" data-e-type=\"widget\" data-widget_type=\"text-editor.default\">\n\t\t\t\t<div class=\"elementor-widget-container\">\n\t\t\t\t\t\t\t\t\t<p class=\"mb-0\">Obt\u00e9n toda la informaci\u00f3n m\u00e1s reciente sobre eventos, ventas y ofertas.<\/p>\t\t\t\t\t\t\t\t<\/div>\n\t\t\t\t<\/div>\n\t\t\t\t\t<\/div>\r\n\t\t\t\t<\/div>\r\n\t\t\t\t<div class=\"elementor-column elementor-col-25 elementor-inner-column elementor-element elementor-element-d8ffa07\" data-id=\"d8ffa07\" data-element_type=\"column\" data-e-type=\"column\">\r\n\t\t\t\t\t<div class=\"elementor-widget-wrap elementor-element-populated\">\r\n\t\t\t\t\t\t\t\t<div class=\"elementor-element elementor-element-b2f21a7 elementor-widget elementor-widget-shortcode\" data-id=\"b2f21a7\" data-element_type=\"widget\" data-e-type=\"widget\" data-widget_type=\"shortcode.default\">\n\t\t\t\t<div class=\"elementor-widget-container\">\n\t\t\t\t\t\t\t<div class=\"elementor-shortcode\">\n<div class=\"wpcf7 no-js\" id=\"wpcf7-f74-o1\" lang=\"es-ES\" dir=\"ltr\" data-wpcf7-id=\"74\">\n<div class=\"screen-reader-response\"><p role=\"status\" aria-live=\"polite\" aria-atomic=\"true\"><\/p> <ul><\/ul><\/div>\n<form action=\"\/es\/wp-json\/wp\/v2\/pages\/7277#wpcf7-f74-o1\" method=\"post\" class=\"wpcf7-form init\" aria-label=\"Formulario de contacto\" novalidate=\"novalidate\" data-status=\"init\">\n<fieldset class=\"hidden-fields-container\"><input type=\"hidden\" name=\"_wpcf7\" value=\"74\" \/><input type=\"hidden\" name=\"_wpcf7_version\" value=\"6.1.5\" \/><input type=\"hidden\" name=\"_wpcf7_locale\" value=\"es_ES\" \/><input type=\"hidden\" name=\"_wpcf7_unit_tag\" value=\"wpcf7-f74-o1\" \/><input type=\"hidden\" name=\"_wpcf7_container_post\" value=\"0\" \/><input type=\"hidden\" name=\"_wpcf7_posted_data_hash\" value=\"\" \/>\n<\/fieldset>\n<div class=\"widget_wysija_cont shortcode_wysija\">\n    <div class=\"wysija-paragraph\">\n        <span class=\"wpcf7-form-control-wrap\" data-name=\"your-email\"><input size=\"40\" maxlength=\"400\" class=\"wpcf7-form-control wpcf7-email wpcf7-validates-as-required wpcf7-text wpcf7-validates-as-email form-control wysija-input\" aria-required=\"true\" aria-invalid=\"false\" placeholder=\"Direcci\u00f3n de correo\" value=\"\" type=\"email\" name=\"your-email\" \/><\/span>\n    <\/div>\n    <div class=\"d-table-cell\">\n        <input class=\"wpcf7-form-control wpcf7-submit has-spinner btn btn-primary wysija-submit\" type=\"submit\" value=\"Suscribirse\" \/>\n    <\/div>\n<\/div><div class=\"wpcf7-response-output\" aria-hidden=\"true\"><\/div>\n<\/form>\n<\/div>\n<\/div>\n\t\t\t\t\t\t<\/div>\n\t\t\t\t<\/div>\n\t\t\t\t\t<\/div>\r\n\t\t\t\t<\/div>\r\n\t\t\t\t\t<\/div>\r\n\t\t\t\t<\/section>\r\n\t\t\t\t\t<\/div>\r\n\t\t\t\t<\/div>\r\n\t\t\t\t\t<\/div>\r\n\t\t\t\t<\/section>\r\n\t\t\t\t<\/div>\n\t\t","protected":false},"excerpt":{"rendered":"<p>Compra los tickets de forma anticipada Nov 25 2023 RAQUEL L\u00daA 2023\/11\/25 &#8211; 19:00 h 25 de novembre de 2023 Ara fa uns tres anys, la Raquel L\u00faa va venir a tocar. Corrien els temps en qu\u00e8 a les sales&#8230; Dec 02 2023 KURSAZ ft. KALIFATO 2023\/12\/02 &#8211; 19:00 h 2 de desembre de 2023 [&hellip;]<\/p>\n","protected":false},"author":1,"featured_media":0,"parent":0,"menu_order":0,"comment_status":"closed","ping_status":"closed","template":"","meta":{"footnotes":""},"class_list":["post-7277","page","type-page","status-publish","hentry"],"aioseo_notices":[],"_links":{"self":[{"href":"https:\/\/www.elspagesos.com\/es\/wp-json\/wp\/v2\/pages\/7277","targetHints":{"allow":["GET"]}}],"collection":[{"href":"https:\/\/www.elspagesos.com\/es\/wp-json\/wp\/v2\/pages"}],"about":[{"href":"https:\/\/www.elspagesos.com\/es\/wp-json\/wp\/v2\/types\/page"}],"author":[{"embeddable":true,"href":"https:\/\/www.elspagesos.com\/es\/wp-json\/wp\/v2\/users\/1"}],"replies":[{"embeddable":true,"href":"https:\/\/www.elspagesos.com\/es\/wp-json\/wp\/v2\/comments?post=7277"}],"version-history":[{"count":8,"href":"https:\/\/www.elspagesos.com\/es\/wp-json\/wp\/v2\/pages\/7277\/revisions"}],"predecessor-version":[{"id":7589,"href":"https:\/\/www.elspagesos.com\/es\/wp-json\/wp\/v2\/pages\/7277\/revisions\/7589"}],"wp:attachment":[{"href":"https:\/\/www.elspagesos.com\/es\/wp-json\/wp\/v2\/media?parent=7277"}],"curies":[{"name":"wp","href":"https:\/\/api.w.org\/{rel}","templated":true}]}}