{"id":1608,"date":"2023-10-05T11:18:20","date_gmt":"2023-10-05T09:18:20","guid":{"rendered":"https:\/\/www.elspagesos.com\/la-sala\/"},"modified":"2023-11-15T13:06:46","modified_gmt":"2023-11-15T12:06:46","slug":"la-sala","status":"publish","type":"page","link":"https:\/\/www.elspagesos.com\/es\/la-sala\/","title":{"rendered":"La Sala"},"content":{"rendered":"\t\t<div data-elementor-type=\"wp-page\" data-elementor-id=\"1608\" class=\"elementor elementor-1608 elementor-1321\" data-elementor-post-type=\"page\">\n\t\t\t\t<div class=\"elementor-element elementor-element-59eea78 e-flex e-con-boxed e-con e-parent\" data-id=\"59eea78\" data-element_type=\"container\" data-e-type=\"container\">\r\n\t\t\t\t\t<div class=\"e-con-inner\">\r\n\t\t<div class=\"elementor-element elementor-element-f4d29f9 e-con-full e-flex e-con e-child\" data-id=\"f4d29f9\" data-element_type=\"container\" data-e-type=\"container\">\r\n\t\t\t\t<div class=\"elementor-element elementor-element-005e55a elementor-invisible elementor-widget elementor-widget-text-editor\" data-id=\"005e55a\" data-element_type=\"widget\" data-e-type=\"widget\" data-settings=\"{&quot;_animation&quot;:&quot;fadeInUp&quot;}\" data-widget_type=\"text-editor.default\">\n\t\t\t\t<div class=\"elementor-widget-container\">\n\t\t\t\t\t\t\t\t\t<div>La sala ELS PAGESOS (Los\u00a0Campesinos) tiene su sede en los bajos de la\u00a0<i>Associaci\u00f3 Agr\u00edcola Sant Isidre Llaurador<\/i>. Esta entidad sin \u00e1nimo de lucro situada en el casco antiguo de Sant Feliu de Llobregat se fund\u00f3 a principios del siglo XIX a modo de gremio de trabajadores del campo.<\/div><div>\u00a0<\/div><div>Hacia el a\u00f1o 1950 la asociaci\u00f3n empez\u00f3 dar uso de bar y bodega a la planta baja del local y, con el paso de los a\u00f1os, el bar conocido popularmente como\u00a0<i>Els Pagesos<\/i>, acab\u00f3 siendo un lugar de encuentro para los j\u00f3venes del pueblo.<\/div><div>\u00a0<\/div><div>En la \u00faltima d\u00e9cada, el local empez\u00f3 a perder su vitalidad y estuvo sin regencia durante unos a\u00f1os hasta que una nueva propuesta lleg\u00f3 a manos de los socios de la asociaci\u00f3n: un espacio cultural con la clara intenci\u00f3n de revitalizar el esp\u00edritu juvenil y cultural del\u00a0pueblo, un espacio para el pueblo destinado a recuperar la esencia de\u00a0la m\u00fasica en vivo.<\/div>\t\t\t\t\t\t\t\t<\/div>\n\t\t\t\t<\/div>\n\t\t\t\t<\/div>\n\t\t<div class=\"elementor-element elementor-element-567f9d3 e-con-full e-flex e-con e-child\" data-id=\"567f9d3\" data-element_type=\"container\" data-e-type=\"container\">\r\n\t\t\t\t<div class=\"elementor-element elementor-element-ddcecb0 elementor-widget elementor-widget-video\" data-id=\"ddcecb0\" data-element_type=\"widget\" data-e-type=\"widget\" data-settings=\"{&quot;youtube_url&quot;:&quot;https:\\\/\\\/www.youtube.com\\\/watch?v=14OMDDgbSa0&quot;,&quot;video_type&quot;:&quot;youtube&quot;,&quot;controls&quot;:&quot;yes&quot;}\" data-widget_type=\"video.default\">\n\t\t\t\t<div class=\"elementor-widget-container\">\n\t\t\t\t\t\t\t<div class=\"elementor-wrapper elementor-open-inline\">\n\t\t\t<div class=\"elementor-video\"><\/div>\t\t<\/div>\n\t\t\t\t\t\t<\/div>\n\t\t\t\t<\/div>\n\t\t\t\t<\/div>\n\t\t\t\t\t<\/div>\n\t\t\t\t<\/div>\n\t\t\t\t<section class=\"elementor-section elementor-top-section elementor-element elementor-element-3d340bb p-t-xxl p-b-xxl elementor-section-boxed elementor-section-height-default elementor-section-height-default\" data-id=\"3d340bb\" data-element_type=\"section\" data-e-type=\"section\" data-settings=\"{&quot;background_background&quot;:&quot;classic&quot;}\">\r\n\t\t\r\n\t\t\t\t\t\t\t<div class=\"elementor-container elementor-column-gap-default\">\r\n\t\t\t\t\t\t\t\t\t\t\t<div class=\"elementor-column elementor-col-100 elementor-top-column elementor-element elementor-element-e8967fe\" data-id=\"e8967fe\" data-element_type=\"column\" data-e-type=\"column\">\r\n\t\t\t\t\t<div class=\"elementor-widget-wrap elementor-element-populated\">\r\n\t\t\t\t\t\t\t\t<div class=\"elementor-element elementor-element-e6e40b7 elementor-arrows-position-outside elementor-widget elementor-widget-image-carousel\" data-id=\"e6e40b7\" data-element_type=\"widget\" data-e-type=\"widget\" data-settings=\"{&quot;navigation&quot;:&quot;arrows&quot;,&quot;image_spacing_custom&quot;:{&quot;unit&quot;:&quot;px&quot;,&quot;size&quot;:25,&quot;sizes&quot;:[]},&quot;autoplay&quot;:&quot;yes&quot;,&quot;pause_on_hover&quot;:&quot;yes&quot;,&quot;pause_on_interaction&quot;:&quot;yes&quot;,&quot;autoplay_speed&quot;:5000,&quot;infinite&quot;:&quot;yes&quot;,&quot;speed&quot;:500,&quot;image_spacing_custom_laptop&quot;:{&quot;unit&quot;:&quot;px&quot;,&quot;size&quot;:&quot;&quot;,&quot;sizes&quot;:[]},&quot;image_spacing_custom_tablet&quot;:{&quot;unit&quot;:&quot;px&quot;,&quot;size&quot;:&quot;&quot;,&quot;sizes&quot;:[]},&quot;image_spacing_custom_mobile&quot;:{&quot;unit&quot;:&quot;px&quot;,&quot;size&quot;:&quot;&quot;,&quot;sizes&quot;:[]}}\" data-widget_type=\"image-carousel.default\">\n\t\t\t\t<div class=\"elementor-widget-container\">\n\t\t\t\t\t\t\t<div class=\"elementor-image-carousel-wrapper swiper\" role=\"region\" aria-roledescription=\"carousel\" aria-label=\"Carrusel de im\u00e1genes\" dir=\"ltr\">\n\t\t\t<div class=\"elementor-image-carousel swiper-wrapper\" aria-live=\"off\">\n\t\t\t\t\t\t\t\t<div class=\"swiper-slide\" role=\"group\" aria-roledescription=\"slide\" aria-label=\"1 de 4\"><figure class=\"swiper-slide-inner\"><img decoding=\"async\" class=\"swiper-slide-image\" src=\"https:\/\/www.elspagesos.com\/wp-content\/uploads\/2023\/10\/flyer_562.jpg\" alt=\"flyer_562\" \/><\/figure><\/div><div class=\"swiper-slide\" role=\"group\" aria-roledescription=\"slide\" aria-label=\"2 de 4\"><figure class=\"swiper-slide-inner\"><img decoding=\"async\" class=\"swiper-slide-image\" src=\"https:\/\/www.elspagesos.com\/wp-content\/uploads\/2023\/10\/flyer_563.jpg\" alt=\"flyer_563\" \/><\/figure><\/div><div class=\"swiper-slide\" role=\"group\" aria-roledescription=\"slide\" aria-label=\"3 de 4\"><figure class=\"swiper-slide-inner\"><img decoding=\"async\" class=\"swiper-slide-image\" src=\"https:\/\/www.elspagesos.com\/wp-content\/uploads\/2023\/10\/flyer_564.jpg\" alt=\"flyer_564\" \/><\/figure><\/div><div class=\"swiper-slide\" role=\"group\" aria-roledescription=\"slide\" aria-label=\"4 de 4\"><figure class=\"swiper-slide-inner\"><img decoding=\"async\" class=\"swiper-slide-image\" src=\"https:\/\/www.elspagesos.com\/wp-content\/uploads\/2023\/10\/flyer_565.jpg\" alt=\"flyer_565\" \/><\/figure><\/div>\t\t\t<\/div>\n\t\t\t\t\t\t\t\t\t\t\t\t<div class=\"elementor-swiper-button elementor-swiper-button-prev\" role=\"button\" tabindex=\"0\">\n\t\t\t\t\t\t<i aria-hidden=\"true\" class=\"eicon-chevron-left\"><\/i>\t\t\t\t\t<\/div>\n\t\t\t\t\t<div class=\"elementor-swiper-button elementor-swiper-button-next\" role=\"button\" tabindex=\"0\">\n\t\t\t\t\t\t<i aria-hidden=\"true\" class=\"eicon-chevron-right\"><\/i>\t\t\t\t\t<\/div>\n\t\t\t\t\n\t\t\t\t\t\t\t\t\t<\/div>\n\t\t\t\t\t\t<\/div>\n\t\t\t\t<\/div>\n\t\t\t\t<div class=\"elementor-element elementor-element-bbca866 elementor-widget elementor-widget-spacer\" data-id=\"bbca866\" data-element_type=\"widget\" data-e-type=\"widget\" data-widget_type=\"spacer.default\">\n\t\t\t\t<div class=\"elementor-widget-container\">\n\t\t\t\t\t\t\t<div class=\"elementor-spacer\">\n\t\t\t<div class=\"elementor-spacer-inner\"><\/div>\n\t\t<\/div>\n\t\t\t\t\t\t<\/div>\n\t\t\t\t<\/div>\n\t\t\t\t<div class=\"elementor-element elementor-element-4b8a483 anim-horizontal-line elementor-invisible elementor-widget elementor-widget-heading\" data-id=\"4b8a483\" data-element_type=\"widget\" data-e-type=\"widget\" data-settings=\"{&quot;_animation&quot;:&quot;fadeIn&quot;,&quot;_animation_delay&quot;:&quot;100&quot;}\" data-widget_type=\"heading.default\">\n\t\t\t\t<div class=\"elementor-widget-container\">\n\t\t\t\t\t<h6 class=\"elementor-heading-title elementor-size-default\">EQUIPO DE<\/h6>\t\t\t\t<\/div>\n\t\t\t\t<\/div>\n\t\t\t\t<div class=\"elementor-element elementor-element-bee33f6 elementor-widget elementor-widget-porto_ultimate_heading\" data-id=\"bee33f6\" data-element_type=\"widget\" data-e-type=\"widget\" data-widget_type=\"porto_ultimate_heading.default\">\n\t\t\t\t<div class=\"elementor-widget-container\">\n\t\t\t\t\t<div class=\"porto-u-heading  porto-u-55ca8359258f9a412be7e73af65d2aac\"><div class=\"porto-u-main-heading\"><h2    style=\"margin-bottom: 15px;\">SONIDO<\/h2><\/div><div class=\"porto-u-sub-heading\" style=\"margin-bottom:40px;\"><p>MESA ALLEN &amp; HEATH 16 CANALES \u00b7 MixWizard WZ3 16:2<br \/>MESA SOUNDCRAFT Ui24R 24 CANALES<\/p><\/div><style>.porto-u-55ca8359258f9a412be7e73af65d2aac.porto-u-heading{text-align:center}<\/style><\/div>\t\t\t\t<\/div>\n\t\t\t\t<\/div>\n\t\t<div class=\"elementor-element elementor-element-273dc10 e-flex e-con-boxed elementor-invisible e-con e-parent\" data-id=\"273dc10\" data-element_type=\"container\" data-e-type=\"container\" data-settings=\"{&quot;animation&quot;:&quot;fadeInUp&quot;}\">\r\n\t\t\t\t\t<div class=\"e-con-inner\">\r\n\t\t<div class=\"elementor-element elementor-element-ba8f0ac e-con-full e-flex e-con e-child\" data-id=\"ba8f0ac\" data-element_type=\"container\" data-e-type=\"container\">\r\n\t\t\t\t<div class=\"elementor-element elementor-element-4311421 elementor-widget elementor-widget-text-editor\" data-id=\"4311421\" data-element_type=\"widget\" data-e-type=\"widget\" data-widget_type=\"text-editor.default\">\n\t\t\t\t<div class=\"elementor-widget-container\">\n\t\t\t\t\t\t\t\t\t<p><span style=\"text-decoration: underline;\">P.A. PRINCIPAL + DELAYS<\/span><\/p><div>2 x DR-112A ALTAVOZ AUTOAMPLIFICADO D.A.S.\/ 400W<\/div><div>2 x AVANT 18A SUBGRRAVE D.A.S.\/ 750W \/ 1X18&#8243;<\/div><div>4 x DR-108A ALTAVOZ AUTOAMPLIFICADO D.A.S.\/ 200W Total P.A. M\u00e1ximo 3000W (RMS)<\/div>\t\t\t\t\t\t\t\t<\/div>\n\t\t\t\t<\/div>\n\t\t\t\t<div class=\"elementor-element elementor-element-b9a6744 elementor-widget elementor-widget-text-editor\" data-id=\"b9a6744\" data-element_type=\"widget\" data-e-type=\"widget\" data-widget_type=\"text-editor.default\">\n\t\t\t\t<div class=\"elementor-widget-container\">\n\t\t\t\t\t\t\t\t\t<p><u>MICROFON\u00cdA<\/u><\/p><div>1 x MICRO AKG D112 + PINZA 2 x MICRO AKG C3000B<\/div><div>4 x MICRO SHURE SM57<\/div><div>4 x MICRO SHURE SM58LCE<\/div><div>1 x MICRO SHURE SM58S<\/div><div>2 x MICRO RODE M5<\/div><div>8 x PIE DE MICRO K&amp;M LLARG 3 x PIE DE MICRO K&amp;M CURT 6 x BEHRINGER DI-100<\/div>\t\t\t\t\t\t\t\t<\/div>\n\t\t\t\t<\/div>\n\t\t\t\t<div class=\"elementor-element elementor-element-64f394d elementor-widget elementor-widget-text-editor\" data-id=\"64f394d\" data-element_type=\"widget\" data-e-type=\"widget\" data-widget_type=\"text-editor.default\">\n\t\t\t\t<div class=\"elementor-widget-container\">\n\t\t\t\t\t\t\t\t\t<p><u>ILUMINACI\u00d3N<\/u><\/p><div>1 CONTROLADOR MARK SHOW CREATOR<\/div><div>12 LEDPAR56 FOCO PAR 56 PROLIGHT CON LEDS DE 10MM NEGROS 4 PAR56 FOCO PAR 56 CON L\u00c1MPARA DE 300W<\/div><div>1 SRC-167 DIMMER DE 4 CANALES PROLIGHT SRC-167<\/div>\t\t\t\t\t\t\t\t<\/div>\n\t\t\t\t<\/div>\n\t\t\t\t<\/div>\n\t\t<div class=\"elementor-element elementor-element-e5467b4 e-con-full e-flex e-con e-child\" data-id=\"e5467b4\" data-element_type=\"container\" data-e-type=\"container\">\r\n\t\t\t\t<div class=\"elementor-element elementor-element-0ad37b1 elementor-widget elementor-widget-text-editor\" data-id=\"0ad37b1\" data-element_type=\"widget\" data-e-type=\"widget\" data-widget_type=\"text-editor.default\">\n\t\t\t\t<div class=\"elementor-widget-container\">\n\t\t\t\t\t\t\t\t\t<p><span style=\"text-decoration: underline;\">SISTEMA DE MONITORES<\/span><\/p><div>2 x DR-112A ALTAVOZ AUTOAMPLIFICADO D.A.S.\/ 400W [300W LF + 100W HF]\/ 50-20000Hz<\/div><div>2 x THE BOX PRO DSX 110 M \/ 300 W RMS \/ 900 W Peak \/ 60 &#8211; 18.000 Hz Total P.A. M\u00e1ximo 1400W (RMS)<\/div>\t\t\t\t\t\t\t\t<\/div>\n\t\t\t\t<\/div>\n\t\t\t\t<div class=\"elementor-element elementor-element-a996f65 elementor-widget elementor-widget-text-editor\" data-id=\"a996f65\" data-element_type=\"widget\" data-e-type=\"widget\" data-widget_type=\"text-editor.default\">\n\t\t\t\t<div class=\"elementor-widget-container\">\n\t\t\t\t\t\t\t\t\t<p><u>INSTRUMENTOS<\/u><\/p><div>PIANO DE PARED<\/div><div>\u00d3RGANO HAMMOND MAVERICK<\/div><div>BATER\u00cdA\u00a0 AC\u00daSTICA: 1 caja, 2 tom, 1 goliath, 1 bombo (con pedal), 1 plato crash, 1 plato ride, 1 hit-hat AMPLIFICADOR DE BAJO AMPEG RB-110<\/div><div>AMPLIFICADOR DE GUITARRA A V\u00c1LVULAS BUGERA V22 INFINIUM<\/div>\t\t\t\t\t\t\t\t<\/div>\n\t\t\t\t<\/div>\n\t\t\t\t<\/div>\n\t\t\t\t\t<\/div>\n\t\t\t\t<\/div>\n\t\t<div class=\"elementor-element elementor-element-bb810ae e-flex e-con-boxed e-con e-parent\" data-id=\"bb810ae\" data-element_type=\"container\" data-e-type=\"container\">\r\n\t\t\t\t\t<div class=\"e-con-inner\">\r\n\t\t<div class=\"elementor-element elementor-element-3fe5530 e-con-full e-flex e-con e-child\" data-id=\"3fe5530\" data-element_type=\"container\" data-e-type=\"container\">\r\n\t\t\t\t<div class=\"elementor-element elementor-element-a0ab5db elementor-widget elementor-widget-spacer\" data-id=\"a0ab5db\" data-element_type=\"widget\" data-e-type=\"widget\" data-widget_type=\"spacer.default\">\n\t\t\t\t<div class=\"elementor-widget-container\">\n\t\t\t\t\t\t\t<div class=\"elementor-spacer\">\n\t\t\t<div class=\"elementor-spacer-inner\"><\/div>\n\t\t<\/div>\n\t\t\t\t\t\t<\/div>\n\t\t\t\t<\/div>\n\t\t\t\t<div class=\"elementor-element elementor-element-06f5d7b elementor-invisible elementor-widget elementor-widget-text-editor\" data-id=\"06f5d7b\" data-element_type=\"widget\" data-e-type=\"widget\" data-settings=\"{&quot;_animation&quot;:&quot;fadeInUp&quot;}\" data-widget_type=\"text-editor.default\">\n\t\t\t\t<div class=\"elementor-widget-container\">\n\t\t\t\t\t\t\t\t\t<p><span style=\"color: #ffffff;\">Aforo legal:<\/span> 98 personas.<br \/><span style=\"color: #ffffff;\">Insonorizacio\u0301n:<\/span> la sala esta\u0301 legal y totalmente insonorizada y adaptada para actuaciones en vivo de todo tipo.<br \/><span style=\"color: #ffffff;\">Medidas Escenario:<\/span> 4,5m ancho x 2,75m fondo. Altura del escenario respecto al pu\u0301blico, 60cm. Altura techo: 2,30m.<br \/><span style=\"color: #ffffff;\">Audiovisulales:<\/span> proyector de 1080p 150\u201d con acceso desde el escenario i\/o desde la mesa de sonido. Corriente escenario: 16 enchufes de 220 Voltios: 6 derecha + 6 izquierda + 4 detra\u0301s.<br \/><span style=\"color: #ffffff;\">Camerino:<\/span> 7,5m2 detra\u0301s de escenario, con lavamanos.<br \/><span style=\"color: #ffffff;\">Zona para catering:<\/span> camerino.<br \/><span style=\"color: #ffffff;\">Venta merchanising:<\/span> si\u0301.<br \/><span style=\"color: #ffffff;\">Accesos para carga:<\/span> puerta principal sin escalones; puerta trasera al backstage 2 escalones.<br \/><span style=\"color: #ffffff;\">Disponibilidad parking:<\/span> gratuita y de pago a pocos metros.<\/p>\t\t\t\t\t\t\t\t<\/div>\n\t\t\t\t<\/div>\n\t\t\t\t<\/div>\n\t\t\t\t\t<\/div>\n\t\t\t\t<\/div>\n\t\t\t\t\t<\/div>\r\n\t\t\t\t<\/div>\r\n\t\t\t\t\t<\/div>\r\n\t\t\t\t<\/section>\r\n\t\t\t\t<\/div>\n\t\t","protected":false},"excerpt":{"rendered":"<p>La sala ELS PAGESOS (Los\u00a0Campesinos) tiene su sede en los bajos de la\u00a0Associaci\u00f3 Agr\u00edcola Sant Isidre Llaurador. Esta entidad sin \u00e1nimo de lucro situada en el casco antiguo de Sant Feliu de Llobregat se fund\u00f3 a principios del siglo XIX a modo de gremio de trabajadores del campo.\u00a0Hacia el a\u00f1o 1950 la asociaci\u00f3n empez\u00f3 dar [&hellip;]<\/p>\n","protected":false},"author":1,"featured_media":0,"parent":0,"menu_order":0,"comment_status":"closed","ping_status":"closed","template":"","meta":{"footnotes":""},"class_list":["post-1608","page","type-page","status-publish","hentry"],"aioseo_notices":[],"_links":{"self":[{"href":"https:\/\/www.elspagesos.com\/es\/wp-json\/wp\/v2\/pages\/1608","targetHints":{"allow":["GET"]}}],"collection":[{"href":"https:\/\/www.elspagesos.com\/es\/wp-json\/wp\/v2\/pages"}],"about":[{"href":"https:\/\/www.elspagesos.com\/es\/wp-json\/wp\/v2\/types\/page"}],"author":[{"embeddable":true,"href":"https:\/\/www.elspagesos.com\/es\/wp-json\/wp\/v2\/users\/1"}],"replies":[{"embeddable":true,"href":"https:\/\/www.elspagesos.com\/es\/wp-json\/wp\/v2\/comments?post=1608"}],"version-history":[{"count":16,"href":"https:\/\/www.elspagesos.com\/es\/wp-json\/wp\/v2\/pages\/1608\/revisions"}],"predecessor-version":[{"id":7604,"href":"https:\/\/www.elspagesos.com\/es\/wp-json\/wp\/v2\/pages\/1608\/revisions\/7604"}],"wp:attachment":[{"href":"https:\/\/www.elspagesos.com\/es\/wp-json\/wp\/v2\/media?parent=1608"}],"curies":[{"name":"wp","href":"https:\/\/api.w.org\/{rel}","templated":true}]}}